{"id":21,"date":"2021-06-12T10:28:22","date_gmt":"2021-06-12T15:28:22","guid":{"rendered":"https:\/\/www.grupotrianon.com\/trianon-ascensores\/?page_id=21"},"modified":"2024-04-03T09:44:05","modified_gmt":"2024-04-03T14:44:05","slug":"productos","status":"publish","type":"page","link":"https:\/\/www.grupotrianon.com\/trianon-ascensores\/productos\/","title":{"rendered":"Productos"},"content":{"rendered":"\t\t<div data-elementor-type=\"wp-page\" data-elementor-id=\"21\" class=\"elementor elementor-21\">\n\t\t\t\t\t\t<div class=\"elementor-inner\">\n\t\t\t\t<div class=\"elementor-section-wrap\">\n\t\t\t\t\t\t\t\t\t<section class=\"elementor-section elementor-top-section elementor-element elementor-element-13b47fe elementor-section-height-min-height elementor-section-boxed elementor-section-height-default elementor-section-items-middle\" data-id=\"13b47fe\" data-element_type=\"section\" data-settings=\"{&quot;background_background&quot;:&quot;classic&quot;}\">\n\t\t\t\t\t\t\t<div class=\"elementor-background-overlay\"><\/div>\n\t\t\t\t\t\t\t<div class=\"elementor-container elementor-column-gap-default\">\n\t\t\t\t\t\t\t<div class=\"elementor-row\">\n\t\t\t\t\t<div class=\"elementor-column elementor-col-100 elementor-top-column elementor-element elementor-element-5d3e3f3\" data-id=\"5d3e3f3\" data-element_type=\"column\">\n\t\t\t<div class=\"elementor-column-wrap elementor-element-populated\">\n\t\t\t\t\t\t\t<div class=\"elementor-widget-wrap\">\n\t\t\t\t\t\t<div class=\"elementor-element elementor-element-8571dea elementor-widget elementor-widget-heading\" data-id=\"8571dea\" data-element_type=\"widget\" data-widget_type=\"heading.default\">\n\t\t\t\t<div class=\"elementor-widget-container\">\n\t\t\t<h2 class=\"elementor-heading-title elementor-size-default\">Profesionales especializados en Transporte Vertical lo asesorar\u00e1n en su proyecto.<\/h2>\t\t<\/div>\n\t\t\t\t<\/div>\n\t\t\t\t\t\t<\/div>\n\t\t\t\t\t<\/div>\n\t\t<\/div>\n\t\t\t\t\t\t\t\t<\/div>\n\t\t\t\t\t<\/div>\n\t\t<\/section>\n\t\t\t\t<section class=\"elementor-section elementor-top-section elementor-element elementor-element-3643774 elementor-section-boxed elementor-section-height-default elementor-section-height-default\" data-id=\"3643774\" data-element_type=\"section\">\n\t\t\t\t\t\t<div class=\"elementor-container elementor-column-gap-default\">\n\t\t\t\t\t\t\t<div class=\"elementor-row\">\n\t\t\t\t\t<div class=\"elementor-column elementor-col-100 elementor-top-column elementor-element elementor-element-28c2909\" data-id=\"28c2909\" data-element_type=\"column\">\n\t\t\t<div class=\"elementor-column-wrap elementor-element-populated\">\n\t\t\t\t\t\t\t<div class=\"elementor-widget-wrap\">\n\t\t\t\t\t\t<section class=\"elementor-section elementor-inner-section elementor-element elementor-element-56464f6 elementor-section-boxed elementor-section-height-default elementor-section-height-default\" data-id=\"56464f6\" data-element_type=\"section\">\n\t\t\t\t\t\t<div class=\"elementor-container elementor-column-gap-default\">\n\t\t\t\t\t\t\t<div class=\"elementor-row\">\n\t\t\t\t\t<div class=\"elementor-column elementor-col-33 elementor-inner-column elementor-element elementor-element-8469063\" data-id=\"8469063\" data-element_type=\"column\" data-settings=\"{&quot;background_background&quot;:&quot;classic&quot;}\">\n\t\t\t<div class=\"elementor-column-wrap elementor-element-populated\">\n\t\t\t\t\t\t\t<div class=\"elementor-widget-wrap\">\n\t\t\t\t\t\t<div class=\"elementor-element elementor-element-ede2cdb elementor-widget elementor-widget-image\" data-id=\"ede2cdb\" data-element_type=\"widget\" data-widget_type=\"image.default\">\n\t\t\t\t<div class=\"elementor-widget-container\">\n\t\t\t\t\t\t\t\t<div class=\"elementor-image\">\n\t\t\t\t\t\t\t\t\t\t\t\t<img loading=\"lazy\" decoding=\"async\" width=\"800\" height=\"500\" src=\"https:\/\/www.grupotrianon.com\/trianon-ascensores\/wp-content\/uploads\/2022\/01\/product_ascensores.jpg\" class=\"attachment-full size-full\" alt=\"\" srcset=\"https:\/\/www.grupotrianon.com\/trianon-ascensores\/wp-content\/uploads\/2022\/01\/product_ascensores.jpg 800w, https:\/\/www.grupotrianon.com\/trianon-ascensores\/wp-content\/uploads\/2022\/01\/product_ascensores-300x188.jpg 300w, https:\/\/www.grupotrianon.com\/trianon-ascensores\/wp-content\/uploads\/2022\/01\/product_ascensores-768x480.jpg 768w\" sizes=\"auto, (max-width: 800px) 100vw, 800px\" \/>\t\t\t\t\t\t\t\t\t\t\t\t\t\t<\/div>\n\t\t\t\t\t\t<\/div>\n\t\t\t\t<\/div>\n\t\t\t\t<div class=\"elementor-element elementor-element-e960d94 elementor-widget elementor-widget-heading\" data-id=\"e960d94\" data-element_type=\"widget\" data-widget_type=\"heading.default\">\n\t\t\t\t<div class=\"elementor-widget-container\">\n\t\t\t<h2 class=\"elementor-heading-title elementor-size-default\">Ascensores<\/h2>\t\t<\/div>\n\t\t\t\t<\/div>\n\t\t\t\t<div class=\"elementor-element elementor-element-fafed7f elementor-widget elementor-widget-text-editor\" data-id=\"fafed7f\" data-element_type=\"widget\" data-widget_type=\"text-editor.default\">\n\t\t\t\t<div class=\"elementor-widget-container\">\n\t\t\t\t\t\t\t\t<div class=\"elementor-text-editor elementor-clearfix\">\n\t\t\t\t<p>Los ascensores Mitsubishi Electric se encuentran en los mejores edificios del Per\u00fa y brindan a los usuarios una experiencia de primer nivel gracias a su tecnolog\u00eda, dise\u00f1o, eficiencia, comodidad y seguridad. Mitsubishi es elegancia, ecolog\u00eda y categor\u00eda para su edificio.<\/p>\t\t\t\t\t<\/div>\n\t\t\t\t\t\t<\/div>\n\t\t\t\t<\/div>\n\t\t\t\t\t\t<\/div>\n\t\t\t\t\t<\/div>\n\t\t<\/div>\n\t\t\t\t<div class=\"elementor-column elementor-col-33 elementor-inner-column elementor-element elementor-element-90c66e1\" data-id=\"90c66e1\" data-element_type=\"column\" data-settings=\"{&quot;background_background&quot;:&quot;classic&quot;}\">\n\t\t\t<div class=\"elementor-column-wrap elementor-element-populated\">\n\t\t\t\t\t\t\t<div class=\"elementor-widget-wrap\">\n\t\t\t\t\t\t<div class=\"elementor-element elementor-element-6d37ce1 elementor-widget elementor-widget-image\" data-id=\"6d37ce1\" data-element_type=\"widget\" data-widget_type=\"image.default\">\n\t\t\t\t<div class=\"elementor-widget-container\">\n\t\t\t\t\t\t\t\t<div class=\"elementor-image\">\n\t\t\t\t\t\t\t\t\t\t\t\t<img loading=\"lazy\" decoding=\"async\" width=\"800\" height=\"500\" src=\"https:\/\/www.grupotrianon.com\/trianon-ascensores\/wp-content\/uploads\/2022\/01\/product_escaleras_mecanicas.jpg\" class=\"attachment-full size-full\" alt=\"\" srcset=\"https:\/\/www.grupotrianon.com\/trianon-ascensores\/wp-content\/uploads\/2022\/01\/product_escaleras_mecanicas.jpg 800w, https:\/\/www.grupotrianon.com\/trianon-ascensores\/wp-content\/uploads\/2022\/01\/product_escaleras_mecanicas-300x188.jpg 300w, https:\/\/www.grupotrianon.com\/trianon-ascensores\/wp-content\/uploads\/2022\/01\/product_escaleras_mecanicas-768x480.jpg 768w\" sizes=\"auto, (max-width: 800px) 100vw, 800px\" \/>\t\t\t\t\t\t\t\t\t\t\t\t\t\t<\/div>\n\t\t\t\t\t\t<\/div>\n\t\t\t\t<\/div>\n\t\t\t\t<div class=\"elementor-element elementor-element-77a1211 elementor-widget elementor-widget-heading\" data-id=\"77a1211\" data-element_type=\"widget\" data-widget_type=\"heading.default\">\n\t\t\t\t<div class=\"elementor-widget-container\">\n\t\t\t<h2 class=\"elementor-heading-title elementor-size-default\">Escaleras Mec\u00e1nicas<\/h2>\t\t<\/div>\n\t\t\t\t<\/div>\n\t\t\t\t<div class=\"elementor-element elementor-element-11c7ae1 elementor-widget elementor-widget-text-editor\" data-id=\"11c7ae1\" data-element_type=\"widget\" data-widget_type=\"text-editor.default\">\n\t\t\t\t<div class=\"elementor-widget-container\">\n\t\t\t\t\t\t\t\t<div class=\"elementor-text-editor elementor-clearfix\">\n\t\t\t\t<p>Desde escaleras convencionales en l\u00ednea recta hasta innovadoras soluciones de escaleras en espiral que abren posibilidades en el dise\u00f1o del espacio p\u00fablico, Mitsubishi busca niveles muy altos de eficiencia energ\u00e9tica, durabilidad, seguridad y dise\u00f1o utilizando avanzadas tecnolog\u00edas.<\/p>\t\t\t\t\t<\/div>\n\t\t\t\t\t\t<\/div>\n\t\t\t\t<\/div>\n\t\t\t\t\t\t<\/div>\n\t\t\t\t\t<\/div>\n\t\t<\/div>\n\t\t\t\t<div class=\"elementor-column elementor-col-33 elementor-inner-column elementor-element elementor-element-db69595\" data-id=\"db69595\" data-element_type=\"column\" data-settings=\"{&quot;background_background&quot;:&quot;classic&quot;}\">\n\t\t\t<div class=\"elementor-column-wrap elementor-element-populated\">\n\t\t\t\t\t\t\t<div class=\"elementor-widget-wrap\">\n\t\t\t\t\t\t<div class=\"elementor-element elementor-element-205f219 elementor-widget elementor-widget-image\" data-id=\"205f219\" data-element_type=\"widget\" data-widget_type=\"image.default\">\n\t\t\t\t<div class=\"elementor-widget-container\">\n\t\t\t\t\t\t\t\t<div class=\"elementor-image\">\n\t\t\t\t\t\t\t\t\t\t\t\t<img loading=\"lazy\" decoding=\"async\" width=\"800\" height=\"500\" src=\"https:\/\/www.grupotrianon.com\/trianon-ascensores\/wp-content\/uploads\/2022\/01\/product_monta_paquetes.jpg\" class=\"attachment-full size-full\" alt=\"\" srcset=\"https:\/\/www.grupotrianon.com\/trianon-ascensores\/wp-content\/uploads\/2022\/01\/product_monta_paquetes.jpg 800w, https:\/\/www.grupotrianon.com\/trianon-ascensores\/wp-content\/uploads\/2022\/01\/product_monta_paquetes-300x188.jpg 300w, https:\/\/www.grupotrianon.com\/trianon-ascensores\/wp-content\/uploads\/2022\/01\/product_monta_paquetes-768x480.jpg 768w\" sizes=\"auto, (max-width: 800px) 100vw, 800px\" \/>\t\t\t\t\t\t\t\t\t\t\t\t\t\t<\/div>\n\t\t\t\t\t\t<\/div>\n\t\t\t\t<\/div>\n\t\t\t\t<div class=\"elementor-element elementor-element-d97fa64 elementor-widget elementor-widget-heading\" data-id=\"d97fa64\" data-element_type=\"widget\" data-widget_type=\"heading.default\">\n\t\t\t\t<div class=\"elementor-widget-container\">\n\t\t\t<h2 class=\"elementor-heading-title elementor-size-default\">Montapaquetes<\/h2>\t\t<\/div>\n\t\t\t\t<\/div>\n\t\t\t\t<div class=\"elementor-element elementor-element-dab22c4 elementor-widget elementor-widget-text-editor\" data-id=\"dab22c4\" data-element_type=\"widget\" data-widget_type=\"text-editor.default\">\n\t\t\t\t<div class=\"elementor-widget-container\">\n\t\t\t\t\t\t\t\t<div class=\"elementor-text-editor elementor-clearfix\">\n\t\t\t\t<p>Los montapaquetes Ryoden son elevadores de cargas peque\u00f1as que conectan los pisos superiores e inferiores y aseguran operatividad, funcionalidad y seguridad en una amplia variedad de instalaciones: restaurantes, hospitales, escuelas, residencias, oficinas, viviendas y f\u00e1bricas.<\/p>\t\t\t\t\t<\/div>\n\t\t\t\t\t\t<\/div>\n\t\t\t\t<\/div>\n\t\t\t\t\t\t<\/div>\n\t\t\t\t\t<\/div>\n\t\t<\/div>\n\t\t\t\t\t\t\t\t<\/div>\n\t\t\t\t\t<\/div>\n\t\t<\/section>\n\t\t\t\t<section class=\"elementor-section elementor-inner-section elementor-element elementor-element-f24551a elementor-section-boxed elementor-section-height-default elementor-section-height-default\" data-id=\"f24551a\" data-element_type=\"section\">\n\t\t\t\t\t\t<div class=\"elementor-container elementor-column-gap-default\">\n\t\t\t\t\t\t\t<div class=\"elementor-row\">\n\t\t\t\t\t<div class=\"elementor-column elementor-col-33 elementor-inner-column elementor-element elementor-element-fe75a7c\" data-id=\"fe75a7c\" data-element_type=\"column\" data-settings=\"{&quot;background_background&quot;:&quot;classic&quot;}\">\n\t\t\t<div class=\"elementor-column-wrap elementor-element-populated\">\n\t\t\t\t\t\t\t<div class=\"elementor-widget-wrap\">\n\t\t\t\t\t\t<div class=\"elementor-element elementor-element-1727a82 elementor-widget elementor-widget-image\" data-id=\"1727a82\" data-element_type=\"widget\" data-widget_type=\"image.default\">\n\t\t\t\t<div class=\"elementor-widget-container\">\n\t\t\t\t\t\t\t\t<div class=\"elementor-image\">\n\t\t\t\t\t\t\t\t\t\t\t\t<img loading=\"lazy\" decoding=\"async\" width=\"800\" height=\"500\" src=\"https:\/\/www.grupotrianon.com\/trianon-ascensores\/wp-content\/uploads\/2022\/01\/product_transporter_vertical.jpg\" class=\"attachment-full size-full\" alt=\"\" srcset=\"https:\/\/www.grupotrianon.com\/trianon-ascensores\/wp-content\/uploads\/2022\/01\/product_transporter_vertical.jpg 800w, https:\/\/www.grupotrianon.com\/trianon-ascensores\/wp-content\/uploads\/2022\/01\/product_transporter_vertical-300x188.jpg 300w, https:\/\/www.grupotrianon.com\/trianon-ascensores\/wp-content\/uploads\/2022\/01\/product_transporter_vertical-768x480.jpg 768w\" sizes=\"auto, (max-width: 800px) 100vw, 800px\" \/>\t\t\t\t\t\t\t\t\t\t\t\t\t\t<\/div>\n\t\t\t\t\t\t<\/div>\n\t\t\t\t<\/div>\n\t\t\t\t<div class=\"elementor-element elementor-element-97284ef elementor-widget elementor-widget-heading\" data-id=\"97284ef\" data-element_type=\"widget\" data-widget_type=\"heading.default\">\n\t\t\t\t<div class=\"elementor-widget-container\">\n\t\t\t<h2 class=\"elementor-heading-title elementor-size-default\">Transporte Vertical para personas con movilidad reducidad<\/h2>\t\t<\/div>\n\t\t\t\t<\/div>\n\t\t\t\t<div class=\"elementor-element elementor-element-3f44c57 elementor-widget elementor-widget-text-editor\" data-id=\"3f44c57\" data-element_type=\"widget\" data-widget_type=\"text-editor.default\">\n\t\t\t\t<div class=\"elementor-widget-container\">\n\t\t\t\t\t\t\t\t<div class=\"elementor-text-editor elementor-clearfix\">\n\t\t\t\t<p>GARAVENTA LIFT es l\u00edder mundial en la industria de plataformas para discapacitados y salvaescaleras con m\u00e1s de 45 a\u00f1os de experiencia y alrededor de 100,000 equipos en todo el mundo; cumplen norma americana ASME A18.1 seg\u00fan norma peruana EM.070 \u00abTransporte mec\u00e1nico\u00bb.<\/p>\t\t\t\t\t<\/div>\n\t\t\t\t\t\t<\/div>\n\t\t\t\t<\/div>\n\t\t\t\t\t\t<\/div>\n\t\t\t\t\t<\/div>\n\t\t<\/div>\n\t\t\t\t<div class=\"elementor-column elementor-col-33 elementor-inner-column elementor-element elementor-element-465c292\" data-id=\"465c292\" data-element_type=\"column\" data-settings=\"{&quot;background_background&quot;:&quot;classic&quot;}\">\n\t\t\t<div class=\"elementor-column-wrap elementor-element-populated\">\n\t\t\t\t\t\t\t<div class=\"elementor-widget-wrap\">\n\t\t\t\t\t\t<div class=\"elementor-element elementor-element-e701efd elementor-widget elementor-widget-image\" data-id=\"e701efd\" data-element_type=\"widget\" data-widget_type=\"image.default\">\n\t\t\t\t<div class=\"elementor-widget-container\">\n\t\t\t\t\t\t\t\t<div class=\"elementor-image\">\n\t\t\t\t\t\t\t\t\t\t\t\t<img loading=\"lazy\" decoding=\"async\" width=\"800\" height=\"500\" src=\"https:\/\/www.grupotrianon.com\/trianon-ascensores\/wp-content\/uploads\/2022\/01\/product_estudio_traficovertical.jpg\" class=\"attachment-full size-full\" alt=\"\" srcset=\"https:\/\/www.grupotrianon.com\/trianon-ascensores\/wp-content\/uploads\/2022\/01\/product_estudio_traficovertical.jpg 800w, https:\/\/www.grupotrianon.com\/trianon-ascensores\/wp-content\/uploads\/2022\/01\/product_estudio_traficovertical-300x188.jpg 300w, https:\/\/www.grupotrianon.com\/trianon-ascensores\/wp-content\/uploads\/2022\/01\/product_estudio_traficovertical-768x480.jpg 768w\" sizes=\"auto, (max-width: 800px) 100vw, 800px\" \/>\t\t\t\t\t\t\t\t\t\t\t\t\t\t<\/div>\n\t\t\t\t\t\t<\/div>\n\t\t\t\t<\/div>\n\t\t\t\t<div class=\"elementor-element elementor-element-15aaefa elementor-widget elementor-widget-heading\" data-id=\"15aaefa\" data-element_type=\"widget\" data-widget_type=\"heading.default\">\n\t\t\t\t<div class=\"elementor-widget-container\">\n\t\t\t<h2 class=\"elementor-heading-title elementor-size-default\">Estudio de <br>Tr\u00e1fico Vertical<\/h2>\t\t<\/div>\n\t\t\t\t<\/div>\n\t\t\t\t<div class=\"elementor-element elementor-element-33fe634 elementor-widget elementor-widget-text-editor\" data-id=\"33fe634\" data-element_type=\"widget\" data-widget_type=\"text-editor.default\">\n\t\t\t\t<div class=\"elementor-widget-container\">\n\t\t\t\t\t\t\t\t<div class=\"elementor-text-editor elementor-clearfix\">\n\t\t\t\t<p>Seg\u00fan la norma peruana EM.070 Transporte Mec\u00e1nico, debe estar firmado por un arquitecto colegiado y habilitado y debe calcular la cantidad de ascensores que requiere el proyecto para brindar un tiempo de espera y una capacidad de transporte adecuado al uso del edificio. Adicionalmente, debe definir el pozo requerido para la correcta instalaci\u00f3n de los ascensores.<\/p>\t\t\t\t\t<\/div>\n\t\t\t\t\t\t<\/div>\n\t\t\t\t<\/div>\n\t\t\t\t\t\t<\/div>\n\t\t\t\t\t<\/div>\n\t\t<\/div>\n\t\t\t\t<div class=\"elementor-column elementor-col-33 elementor-inner-column elementor-element elementor-element-d9df01c\" data-id=\"d9df01c\" data-element_type=\"column\" data-settings=\"{&quot;background_background&quot;:&quot;classic&quot;}\">\n\t\t\t<div class=\"elementor-column-wrap elementor-element-populated\">\n\t\t\t\t\t\t\t<div class=\"elementor-widget-wrap\">\n\t\t\t\t\t\t<div class=\"elementor-element elementor-element-e7b72ab elementor-widget elementor-widget-image\" data-id=\"e7b72ab\" data-element_type=\"widget\" data-widget_type=\"image.default\">\n\t\t\t\t<div class=\"elementor-widget-container\">\n\t\t\t\t\t\t\t\t<div class=\"elementor-image\">\n\t\t\t\t\t\t\t\t\t\t\t\t<img loading=\"lazy\" decoding=\"async\" width=\"800\" height=\"500\" src=\"https:\/\/www.grupotrianon.com\/trianon-ascensores\/wp-content\/uploads\/2021\/06\/arq_002.jpg\" class=\"attachment-full size-full\" alt=\"\" srcset=\"https:\/\/www.grupotrianon.com\/trianon-ascensores\/wp-content\/uploads\/2021\/06\/arq_002.jpg 800w, https:\/\/www.grupotrianon.com\/trianon-ascensores\/wp-content\/uploads\/2021\/06\/arq_002-300x188.jpg 300w, https:\/\/www.grupotrianon.com\/trianon-ascensores\/wp-content\/uploads\/2021\/06\/arq_002-768x480.jpg 768w\" sizes=\"auto, (max-width: 800px) 100vw, 800px\" \/>\t\t\t\t\t\t\t\t\t\t\t\t\t\t<\/div>\n\t\t\t\t\t\t<\/div>\n\t\t\t\t<\/div>\n\t\t\t\t<div class=\"elementor-element elementor-element-eb7517a elementor-widget elementor-widget-heading\" data-id=\"eb7517a\" data-element_type=\"widget\" data-widget_type=\"heading.default\">\n\t\t\t\t<div class=\"elementor-widget-container\">\n\t\t\t<h2 class=\"elementor-heading-title elementor-size-default\">Asesor\u00eda Comercial<\/h2>\t\t<\/div>\n\t\t\t\t<\/div>\n\t\t\t\t<div class=\"elementor-element elementor-element-59fb9ca elementor-widget elementor-widget-text-editor\" data-id=\"59fb9ca\" data-element_type=\"widget\" data-widget_type=\"text-editor.default\">\n\t\t\t\t<div class=\"elementor-widget-container\">\n\t\t\t\t\t\t\t\t<div class=\"elementor-text-editor elementor-clearfix\">\n\t\t\t\t<p>Arquitectos, Ingenieros y T\u00e9cnicos Especializados en Transporte Vertical lo asesorar\u00e1n y guiar\u00e1n para elegir el equipo adecuado para su proyecto.<\/p>\t\t\t\t\t<\/div>\n\t\t\t\t\t\t<\/div>\n\t\t\t\t<\/div>\n\t\t\t\t\t\t<\/div>\n\t\t\t\t\t<\/div>\n\t\t<\/div>\n\t\t\t\t\t\t\t\t<\/div>\n\t\t\t\t\t<\/div>\n\t\t<\/section>\n\t\t\t\t\t\t<\/div>\n\t\t\t\t\t<\/div>\n\t\t<\/div>\n\t\t\t\t\t\t\t\t<\/div>\n\t\t\t\t\t<\/div>\n\t\t<\/section>\n\t\t\t\t<section class=\"elementor-section elementor-top-section elementor-element elementor-element-0cc7441 elementor-section-boxed elementor-section-height-default elementor-section-height-default\" data-id=\"0cc7441\" data-element_type=\"section\">\n\t\t\t\t\t\t<div class=\"elementor-container elementor-column-gap-default\">\n\t\t\t\t\t\t\t<div class=\"elementor-row\">\n\t\t\t\t\t<div class=\"elementor-column elementor-col-50 elementor-top-column elementor-element elementor-element-807b7c7\" data-id=\"807b7c7\" data-element_type=\"column\">\n\t\t\t<div class=\"elementor-column-wrap elementor-element-populated\">\n\t\t\t\t\t\t\t<div class=\"elementor-widget-wrap\">\n\t\t\t\t\t\t<div class=\"elementor-element elementor-element-f29b2af elementor-widget__width-auto elementor-widget elementor-widget-button\" data-id=\"f29b2af\" data-element_type=\"widget\" data-widget_type=\"button.default\">\n\t\t\t\t<div class=\"elementor-widget-container\">\n\t\t\t\t\t<div class=\"elementor-button-wrapper\">\n\t\t\t<a href=\"https:\/\/www.grupotrianon.com\/trianon-ascensores\/wp-content\/uploads\/2024\/04\/Brochure-Trianon-Ascensores.pdf\" target=\"_blank\" class=\"elementor-button-link elementor-button elementor-size-sm\" role=\"button\">\n\t\t\t\t\t\t<span class=\"elementor-button-content-wrapper\">\n\t\t\t\t\t\t<span class=\"elementor-button-text\">DESCARGAR BROCHURE<\/span>\n\t\t<\/span>\n\t\t\t\t\t<\/a>\n\t\t<\/div>\n\t\t\t\t<\/div>\n\t\t\t\t<\/div>\n\t\t\t\t\t\t<\/div>\n\t\t\t\t\t<\/div>\n\t\t<\/div>\n\t\t\t\t<div class=\"elementor-column elementor-col-50 elementor-top-column elementor-element elementor-element-1f1bc65\" data-id=\"1f1bc65\" data-element_type=\"column\">\n\t\t\t<div class=\"elementor-column-wrap elementor-element-populated\">\n\t\t\t\t\t\t\t<div class=\"elementor-widget-wrap\">\n\t\t\t\t\t\t<div class=\"elementor-element elementor-element-c1da656 elementor-widget__width-auto elementor-widget elementor-widget-button\" data-id=\"c1da656\" data-element_type=\"widget\" data-widget_type=\"button.default\">\n\t\t\t\t<div class=\"elementor-widget-container\">\n\t\t\t\t\t<div class=\"elementor-button-wrapper\">\n\t\t\t<a href=\"https:\/\/www.grupotrianon.com\/trianon-ascensores\/contacto\/\" class=\"elementor-button-link elementor-button elementor-size-sm\" role=\"button\">\n\t\t\t\t\t\t<span class=\"elementor-button-content-wrapper\">\n\t\t\t\t\t\t<span class=\"elementor-button-text\">Cotizar<\/span>\n\t\t<\/span>\n\t\t\t\t\t<\/a>\n\t\t<\/div>\n\t\t\t\t<\/div>\n\t\t\t\t<\/div>\n\t\t\t\t\t\t<\/div>\n\t\t\t\t\t<\/div>\n\t\t<\/div>\n\t\t\t\t\t\t\t\t<\/div>\n\t\t\t\t\t<\/div>\n\t\t<\/section>\n\t\t\t\t\t\t\t\t\t<\/div>\n\t\t\t<\/div>\n\t\t\t\t\t<\/div>\n\t\t","protected":false},"excerpt":{"rendered":"<p>Profesionales especializados en Transporte Vertical lo asesorar\u00e1n en su proyecto. Ascensores Los ascensores Mitsubishi Electric se encuentran en los mejores edificios del Per\u00fa y brindan a los usuarios una experiencia de primer nivel gracias a su tecnolog\u00eda, dise\u00f1o, eficiencia, comodidad y seguridad. Mitsubishi es elegancia, ecolog\u00eda y categor\u00eda para su edificio. Escaleras Mec\u00e1nicas Desde escaleras [&hellip;]<\/p>\n","protected":false},"author":1,"featured_media":0,"parent":0,"menu_order":0,"comment_status":"closed","ping_status":"closed","template":"","meta":{"footnotes":""},"class_list":["post-21","page","type-page","status-publish","hentry"],"aioseo_notices":[],"_links":{"self":[{"href":"https:\/\/www.grupotrianon.com\/trianon-ascensores\/wp-json\/wp\/v2\/pages\/21","targetHints":{"allow":["GET"]}}],"collection":[{"href":"https:\/\/www.grupotrianon.com\/trianon-ascensores\/wp-json\/wp\/v2\/pages"}],"about":[{"href":"https:\/\/www.grupotrianon.com\/trianon-ascensores\/wp-json\/wp\/v2\/types\/page"}],"author":[{"embeddable":true,"href":"https:\/\/www.grupotrianon.com\/trianon-ascensores\/wp-json\/wp\/v2\/users\/1"}],"replies":[{"embeddable":true,"href":"https:\/\/www.grupotrianon.com\/trianon-ascensores\/wp-json\/wp\/v2\/comments?post=21"}],"version-history":[{"count":125,"href":"https:\/\/www.grupotrianon.com\/trianon-ascensores\/wp-json\/wp\/v2\/pages\/21\/revisions"}],"predecessor-version":[{"id":1858,"href":"https:\/\/www.grupotrianon.com\/trianon-ascensores\/wp-json\/wp\/v2\/pages\/21\/revisions\/1858"}],"wp:attachment":[{"href":"https:\/\/www.grupotrianon.com\/trianon-ascensores\/wp-json\/wp\/v2\/media?parent=21"}],"curies":[{"name":"wp","href":"https:\/\/api.w.org\/{rel}","templated":true}]}}