{"id":25,"date":"2021-06-12T10:31:02","date_gmt":"2021-06-12T15:31:02","guid":{"rendered":"https:\/\/www.grupotrianon.com\/trianon-ascensores\/?page_id=25"},"modified":"2023-04-21T14:54:54","modified_gmt":"2023-04-21T19:54:54","slug":"blog","status":"publish","type":"page","link":"https:\/\/www.grupotrianon.com\/trianon-ascensores\/blog\/","title":{"rendered":"Blog"},"content":{"rendered":"\t\t<div data-elementor-type=\"wp-page\" data-elementor-id=\"25\" class=\"elementor elementor-25\">\n\t\t\t\t\t\t<div class=\"elementor-inner\">\n\t\t\t\t<div class=\"elementor-section-wrap\">\n\t\t\t\t\t\t\t\t\t<section class=\"elementor-section elementor-top-section elementor-element elementor-element-ca9ed8c elementor-section-boxed elementor-section-height-default elementor-section-height-default\" data-id=\"ca9ed8c\" data-element_type=\"section\">\n\t\t\t\t\t\t<div class=\"elementor-container elementor-column-gap-default\">\n\t\t\t\t\t\t\t<div class=\"elementor-row\">\n\t\t\t\t\t<div class=\"elementor-column elementor-col-50 elementor-top-column elementor-element elementor-element-d2c29e7\" data-id=\"d2c29e7\" data-element_type=\"column\">\n\t\t\t<div class=\"elementor-column-wrap elementor-element-populated\">\n\t\t\t\t\t\t\t<div class=\"elementor-widget-wrap\">\n\t\t\t\t\t\t<div class=\"elementor-element elementor-element-0a56a21 elementor-grid-2 elementor-grid-tablet-2 elementor-grid-mobile-1 elementor-posts--thumbnail-top elementor-card-shadow-yes elementor-posts__hover-gradient elementor-widget elementor-widget-posts\" data-id=\"0a56a21\" data-element_type=\"widget\" data-settings=\"{&quot;cards_row_gap&quot;:{&quot;unit&quot;:&quot;px&quot;,&quot;size&quot;:22,&quot;sizes&quot;:[]},&quot;cards_columns&quot;:&quot;2&quot;,&quot;pagination_type&quot;:&quot;numbers&quot;,&quot;cards_columns_tablet&quot;:&quot;2&quot;,&quot;cards_columns_mobile&quot;:&quot;1&quot;,&quot;cards_row_gap_tablet&quot;:{&quot;unit&quot;:&quot;px&quot;,&quot;size&quot;:&quot;&quot;,&quot;sizes&quot;:[]},&quot;cards_row_gap_mobile&quot;:{&quot;unit&quot;:&quot;px&quot;,&quot;size&quot;:&quot;&quot;,&quot;sizes&quot;:[]}}\" data-widget_type=\"posts.cards\">\n\t\t\t\t<div class=\"elementor-widget-container\">\n\t\t\t\t\t<div class=\"elementor-posts-container elementor-posts elementor-posts--skin-cards elementor-grid\">\n\t\t\t\t<article class=\"elementor-post elementor-grid-item post-2542 post type-post status-publish format-standard has-post-thumbnail hentry category-ascensores-mitsubishi\">\n\t\t\t<div class=\"elementor-post__card\">\n\t\t\t\t<a class=\"elementor-post__thumbnail__link\" href=\"https:\/\/www.grupotrianon.com\/trianon-ascensores\/2026\/04\/08\/mitsubishi-electric-entre-los-100-innovadores-mundiales-2026\/\" ><div class=\"elementor-post__thumbnail\"><img loading=\"lazy\" decoding=\"async\" width=\"800\" height=\"424\" src=\"https:\/\/www.grupotrianon.com\/trianon-ascensores\/wp-content\/uploads\/2026\/04\/trianon-ascensores-100.jpg\" class=\"attachment-full size-full\" alt=\"\" srcset=\"https:\/\/www.grupotrianon.com\/trianon-ascensores\/wp-content\/uploads\/2026\/04\/trianon-ascensores-100.jpg 800w, https:\/\/www.grupotrianon.com\/trianon-ascensores\/wp-content\/uploads\/2026\/04\/trianon-ascensores-100-300x159.jpg 300w, https:\/\/www.grupotrianon.com\/trianon-ascensores\/wp-content\/uploads\/2026\/04\/trianon-ascensores-100-768x407.jpg 768w\" sizes=\"auto, (max-width: 800px) 100vw, 800px\" \/><\/div><\/a>\n\t\t\t\t<div class=\"elementor-post__text\">\n\t\t\t\t<h3 class=\"elementor-post__title\">\n\t\t\t<a href=\"https:\/\/www.grupotrianon.com\/trianon-ascensores\/2026\/04\/08\/mitsubishi-electric-entre-los-100-innovadores-mundiales-2026\/\" >\n\t\t\t\tMitsubishi Electric entre los 100 innovadores mundiales 2026\t\t\t<\/a>\n\t\t<\/h3>\n\t\t\t\t<div class=\"elementor-post__excerpt\">\n\t\t\t<p>Trianon Ascensores, como representantes de Ascensores Mitsubishi en Per\u00fa, celebran esta noticia pues fortalece nuestro compromiso de trabajar con marcas que lideran con innovaci\u00f3n.<\/p>\n\t\t<\/div>\n\t\t\n\t\t<a class=\"elementor-post__read-more\" href=\"https:\/\/www.grupotrianon.com\/trianon-ascensores\/2026\/04\/08\/mitsubishi-electric-entre-los-100-innovadores-mundiales-2026\/\" >\n\t\t\tLeer m\u00e1s...\t\t<\/a>\n\n\t\t\t\t<\/div>\n\t\t\t\t<div class=\"elementor-post__meta-data\">\n\t\t\t\t\t<span class=\"elementor-post-date\">\n\t\t\t8 de abril de 2026\t\t<\/span>\n\t\t\t\t<\/div>\n\t\t\t\t\t<\/div>\n\t\t<\/article>\n\t\t\t\t<article class=\"elementor-post elementor-grid-item post-2520 post type-post status-publish format-standard has-post-thumbnail hentry category-ascensores-mitsubishi\">\n\t\t\t<div class=\"elementor-post__card\">\n\t\t\t\t<a class=\"elementor-post__thumbnail__link\" href=\"https:\/\/www.grupotrianon.com\/trianon-ascensores\/2026\/02\/12\/ascensores-garaventa-en-dansa-sincronia-en-funcionamiento\/\" ><div class=\"elementor-post__thumbnail\"><img loading=\"lazy\" decoding=\"async\" width=\"1000\" height=\"530\" src=\"https:\/\/www.grupotrianon.com\/trianon-ascensores\/wp-content\/uploads\/2026\/02\/asensores-garaventa-dansa.jpg\" class=\"attachment-full size-full\" alt=\"\" srcset=\"https:\/\/www.grupotrianon.com\/trianon-ascensores\/wp-content\/uploads\/2026\/02\/asensores-garaventa-dansa.jpg 1000w, https:\/\/www.grupotrianon.com\/trianon-ascensores\/wp-content\/uploads\/2026\/02\/asensores-garaventa-dansa-300x159.jpg 300w, https:\/\/www.grupotrianon.com\/trianon-ascensores\/wp-content\/uploads\/2026\/02\/asensores-garaventa-dansa-768x407.jpg 768w\" sizes=\"auto, (max-width: 1000px) 100vw, 1000px\" \/><\/div><\/a>\n\t\t\t\t<div class=\"elementor-post__text\">\n\t\t\t\t<h3 class=\"elementor-post__title\">\n\t\t\t<a href=\"https:\/\/www.grupotrianon.com\/trianon-ascensores\/2026\/02\/12\/ascensores-garaventa-en-dansa-sincronia-en-funcionamiento\/\" >\n\t\t\t\tAscensores Garaventa en DanSa: Sincron\u00eda en Funcionamiento\t\t\t<\/a>\n\t\t<\/h3>\n\t\t\t\t<div class=\"elementor-post__excerpt\">\n\t\t\t<p>DanSa es un proyecto donde nada puede fallar. El elevador y el salvaescaleras Garaventa Lift se integraron desde la ingenier\u00eda, no como un agregado de \u00faltimo momento.<\/p>\n\t\t<\/div>\n\t\t\n\t\t<a class=\"elementor-post__read-more\" href=\"https:\/\/www.grupotrianon.com\/trianon-ascensores\/2026\/02\/12\/ascensores-garaventa-en-dansa-sincronia-en-funcionamiento\/\" >\n\t\t\tLeer m\u00e1s...\t\t<\/a>\n\n\t\t\t\t<\/div>\n\t\t\t\t<div class=\"elementor-post__meta-data\">\n\t\t\t\t\t<span class=\"elementor-post-date\">\n\t\t\t12 de febrero de 2026\t\t<\/span>\n\t\t\t\t<\/div>\n\t\t\t\t\t<\/div>\n\t\t<\/article>\n\t\t\t\t<article class=\"elementor-post elementor-grid-item post-2512 post type-post status-publish format-standard has-post-thumbnail hentry category-ascensores-mitsubishi\">\n\t\t\t<div class=\"elementor-post__card\">\n\t\t\t\t<a class=\"elementor-post__thumbnail__link\" href=\"https:\/\/www.grupotrianon.com\/trianon-ascensores\/2026\/01\/28\/caso-de-exito-hotel-inter-continental-miraflores\/\" ><div class=\"elementor-post__thumbnail\"><img loading=\"lazy\" decoding=\"async\" width=\"800\" height=\"424\" src=\"https:\/\/www.grupotrianon.com\/trianon-ascensores\/wp-content\/uploads\/2026\/01\/imagen.jpg\" class=\"attachment-full size-full\" alt=\"\" srcset=\"https:\/\/www.grupotrianon.com\/trianon-ascensores\/wp-content\/uploads\/2026\/01\/imagen.jpg 800w, https:\/\/www.grupotrianon.com\/trianon-ascensores\/wp-content\/uploads\/2026\/01\/imagen-300x159.jpg 300w, https:\/\/www.grupotrianon.com\/trianon-ascensores\/wp-content\/uploads\/2026\/01\/imagen-768x407.jpg 768w\" sizes=\"auto, (max-width: 800px) 100vw, 800px\" \/><\/div><\/a>\n\t\t\t\t<div class=\"elementor-post__text\">\n\t\t\t\t<h3 class=\"elementor-post__title\">\n\t\t\t<a href=\"https:\/\/www.grupotrianon.com\/trianon-ascensores\/2026\/01\/28\/caso-de-exito-hotel-inter-continental-miraflores\/\" >\n\t\t\t\tCaso de \u00c9xito | Hotel Inter Continental Miraflores\t\t\t<\/a>\n\t\t<\/h3>\n\t\t\t\t<div class=\"elementor-post__excerpt\">\n\t\t\t<p>En Trianon Ascensores, representantes oficiales de Mitsubishi Electric, realizamos este an\u00e1lisis evaluando demanda, tiempos de espera, capacidad, congesti\u00f3n en horas punta y simulaci\u00f3n con software especializado<\/p>\n\t\t<\/div>\n\t\t\n\t\t<a class=\"elementor-post__read-more\" href=\"https:\/\/www.grupotrianon.com\/trianon-ascensores\/2026\/01\/28\/caso-de-exito-hotel-inter-continental-miraflores\/\" >\n\t\t\tLeer m\u00e1s...\t\t<\/a>\n\n\t\t\t\t<\/div>\n\t\t\t\t<div class=\"elementor-post__meta-data\">\n\t\t\t\t\t<span class=\"elementor-post-date\">\n\t\t\t28 de enero de 2026\t\t<\/span>\n\t\t\t\t<\/div>\n\t\t\t\t\t<\/div>\n\t\t<\/article>\n\t\t\t\t<article class=\"elementor-post elementor-grid-item post-2502 post type-post status-publish format-standard has-post-thumbnail hentry category-ascensores-mitsubishi\">\n\t\t\t<div class=\"elementor-post__card\">\n\t\t\t\t<a class=\"elementor-post__thumbnail__link\" href=\"https:\/\/www.grupotrianon.com\/trianon-ascensores\/2025\/12\/22\/optimice-el-flujo-de-personas-con-estudio-de-trafico-vertical-para-la-instalacion-de-su-ascensor\/\" ><div class=\"elementor-post__thumbnail\"><img loading=\"lazy\" decoding=\"async\" width=\"1000\" height=\"530\" src=\"https:\/\/www.grupotrianon.com\/trianon-ascensores\/wp-content\/uploads\/2025\/12\/post-ascensores-mitsubishi.jpg\" class=\"attachment-full size-full\" alt=\"\" srcset=\"https:\/\/www.grupotrianon.com\/trianon-ascensores\/wp-content\/uploads\/2025\/12\/post-ascensores-mitsubishi.jpg 1000w, https:\/\/www.grupotrianon.com\/trianon-ascensores\/wp-content\/uploads\/2025\/12\/post-ascensores-mitsubishi-300x159.jpg 300w, https:\/\/www.grupotrianon.com\/trianon-ascensores\/wp-content\/uploads\/2025\/12\/post-ascensores-mitsubishi-768x407.jpg 768w\" sizes=\"auto, (max-width: 1000px) 100vw, 1000px\" \/><\/div><\/a>\n\t\t\t\t<div class=\"elementor-post__text\">\n\t\t\t\t<h3 class=\"elementor-post__title\">\n\t\t\t<a href=\"https:\/\/www.grupotrianon.com\/trianon-ascensores\/2025\/12\/22\/optimice-el-flujo-de-personas-con-estudio-de-trafico-vertical-para-la-instalacion-de-su-ascensor\/\" >\n\t\t\t\tOptimice el flujo de personas con Estudio de Trafico V\u00e9rtical para la instalaci\u00f3n de su Ascensor\t\t\t<\/a>\n\t\t<\/h3>\n\t\t\t\t<div class=\"elementor-post__excerpt\">\n\t\t\t<p>En Trianon Ascensores, representantes oficiales de Mitsubishi Electric, realizamos este an\u00e1lisis evaluando demanda, tiempos de espera, capacidad, congesti\u00f3n en horas punta y simulaci\u00f3n con software especializado<\/p>\n\t\t<\/div>\n\t\t\n\t\t<a class=\"elementor-post__read-more\" href=\"https:\/\/www.grupotrianon.com\/trianon-ascensores\/2025\/12\/22\/optimice-el-flujo-de-personas-con-estudio-de-trafico-vertical-para-la-instalacion-de-su-ascensor\/\" >\n\t\t\tLeer m\u00e1s...\t\t<\/a>\n\n\t\t\t\t<\/div>\n\t\t\t\t<div class=\"elementor-post__meta-data\">\n\t\t\t\t\t<span class=\"elementor-post-date\">\n\t\t\t22 de diciembre de 2025\t\t<\/span>\n\t\t\t\t<\/div>\n\t\t\t\t\t<\/div>\n\t\t<\/article>\n\t\t\t\t<article class=\"elementor-post elementor-grid-item post-2491 post type-post status-publish format-standard has-post-thumbnail hentry category-ascensores-mitsubishi\">\n\t\t\t<div class=\"elementor-post__card\">\n\t\t\t\t<a class=\"elementor-post__thumbnail__link\" href=\"https:\/\/www.grupotrianon.com\/trianon-ascensores\/2025\/11\/19\/ascensores-mitsubishi-electric-tecnologia-japonesa-en-ascensores-que-saben-pensar\/\" ><div class=\"elementor-post__thumbnail\"><img loading=\"lazy\" decoding=\"async\" width=\"1000\" height=\"530\" src=\"https:\/\/www.grupotrianon.com\/trianon-ascensores\/wp-content\/uploads\/2025\/11\/post-26-ascensores-mitsubishi.jpg\" class=\"attachment-full size-full\" alt=\"\" srcset=\"https:\/\/www.grupotrianon.com\/trianon-ascensores\/wp-content\/uploads\/2025\/11\/post-26-ascensores-mitsubishi.jpg 1000w, https:\/\/www.grupotrianon.com\/trianon-ascensores\/wp-content\/uploads\/2025\/11\/post-26-ascensores-mitsubishi-300x159.jpg 300w, https:\/\/www.grupotrianon.com\/trianon-ascensores\/wp-content\/uploads\/2025\/11\/post-26-ascensores-mitsubishi-768x407.jpg 768w\" sizes=\"auto, (max-width: 1000px) 100vw, 1000px\" \/><\/div><\/a>\n\t\t\t\t<div class=\"elementor-post__text\">\n\t\t\t\t<h3 class=\"elementor-post__title\">\n\t\t\t<a href=\"https:\/\/www.grupotrianon.com\/trianon-ascensores\/2025\/11\/19\/ascensores-mitsubishi-electric-tecnologia-japonesa-en-ascensores-que-saben-pensar\/\" >\n\t\t\t\tAscensores Mitsubishi Electric: Tecnolog\u00eda Japonesa en Ascensores que saben Pensar\t\t\t<\/a>\n\t\t<\/h3>\n\t\t\t\t<div class=\"elementor-post__excerpt\">\n\t\t\t<p>Los ascensores Mitsubishi Electric distribuidos en el Per\u00fa por TRIANON Ascensores, integran inteligencia adaptativa para asignar el ascensor ideal en cada llamado<\/p>\n\t\t<\/div>\n\t\t\n\t\t<a class=\"elementor-post__read-more\" href=\"https:\/\/www.grupotrianon.com\/trianon-ascensores\/2025\/11\/19\/ascensores-mitsubishi-electric-tecnologia-japonesa-en-ascensores-que-saben-pensar\/\" >\n\t\t\tLeer m\u00e1s...\t\t<\/a>\n\n\t\t\t\t<\/div>\n\t\t\t\t<div class=\"elementor-post__meta-data\">\n\t\t\t\t\t<span class=\"elementor-post-date\">\n\t\t\t19 de noviembre de 2025\t\t<\/span>\n\t\t\t\t<\/div>\n\t\t\t\t\t<\/div>\n\t\t<\/article>\n\t\t\t\t<article class=\"elementor-post elementor-grid-item post-2486 post type-post status-publish format-standard has-post-thumbnail hentry category-ascensores-mitsubishi\">\n\t\t\t<div class=\"elementor-post__card\">\n\t\t\t\t<a class=\"elementor-post__thumbnail__link\" href=\"https:\/\/www.grupotrianon.com\/trianon-ascensores\/2025\/11\/06\/ascensores-mitsubishi-electric-certificaciones-en-series-nexiez\/\" ><div class=\"elementor-post__thumbnail\"><img loading=\"lazy\" decoding=\"async\" width=\"1000\" height=\"530\" src=\"https:\/\/www.grupotrianon.com\/trianon-ascensores\/wp-content\/uploads\/2025\/11\/Post-25-mitsubishi.jpg\" class=\"attachment-full size-full\" alt=\"\" srcset=\"https:\/\/www.grupotrianon.com\/trianon-ascensores\/wp-content\/uploads\/2025\/11\/Post-25-mitsubishi.jpg 1000w, https:\/\/www.grupotrianon.com\/trianon-ascensores\/wp-content\/uploads\/2025\/11\/Post-25-mitsubishi-300x159.jpg 300w, https:\/\/www.grupotrianon.com\/trianon-ascensores\/wp-content\/uploads\/2025\/11\/Post-25-mitsubishi-768x407.jpg 768w\" sizes=\"auto, (max-width: 1000px) 100vw, 1000px\" \/><\/div><\/a>\n\t\t\t\t<div class=\"elementor-post__text\">\n\t\t\t\t<h3 class=\"elementor-post__title\">\n\t\t\t<a href=\"https:\/\/www.grupotrianon.com\/trianon-ascensores\/2025\/11\/06\/ascensores-mitsubishi-electric-certificaciones-en-series-nexiez\/\" >\n\t\t\t\tAscensores Mitsubishi Electric: Certificaciones en Series Nexiez\t\t\t<\/a>\n\t\t<\/h3>\n\t\t\t\t<div class=\"elementor-post__excerpt\">\n\t\t\t<p>La serie NEXIEZ de Mitsubishi Electric, disponible en Per\u00fa exclusivamente con Ascensores TRIANON, ofrece mucho m\u00e1s que seguridad y eficiencia.<\/p>\n\t\t<\/div>\n\t\t\n\t\t<a class=\"elementor-post__read-more\" href=\"https:\/\/www.grupotrianon.com\/trianon-ascensores\/2025\/11\/06\/ascensores-mitsubishi-electric-certificaciones-en-series-nexiez\/\" >\n\t\t\tLeer m\u00e1s...\t\t<\/a>\n\n\t\t\t\t<\/div>\n\t\t\t\t<div class=\"elementor-post__meta-data\">\n\t\t\t\t\t<span class=\"elementor-post-date\">\n\t\t\t6 de noviembre de 2025\t\t<\/span>\n\t\t\t\t<\/div>\n\t\t\t\t\t<\/div>\n\t\t<\/article>\n\t\t\t\t<\/div>\n\n\n\t\t\n\t\t\t\t<div class=\"e-load-more-anchor\" data-page=\"1\" data-max-page=\"12\" data-next-page=\"https:\/\/www.grupotrianon.com\/trianon-ascensores\/wp-json\/wp\/v2\/pages\/25\/page\/2\/\"><\/div>\n\t\t\t\t<nav class=\"elementor-pagination\" role=\"navigation\" aria-label=\"Pagination\">\n\t\t\t<span aria-current=\"page\" class=\"page-numbers current\"><span class=\"elementor-screen-only\">Page<\/span>1<\/span>\n<a class=\"page-numbers\" href=\"https:\/\/www.grupotrianon.com\/trianon-ascensores\/wp-json\/wp\/v2\/pages\/25\/page\/2\/\"><span class=\"elementor-screen-only\">Page<\/span>2<\/a>\n<a class=\"page-numbers\" href=\"https:\/\/www.grupotrianon.com\/trianon-ascensores\/wp-json\/wp\/v2\/pages\/25\/page\/3\/\"><span class=\"elementor-screen-only\">Page<\/span>3<\/a>\n<a class=\"page-numbers\" href=\"https:\/\/www.grupotrianon.com\/trianon-ascensores\/wp-json\/wp\/v2\/pages\/25\/page\/4\/\"><span class=\"elementor-screen-only\">Page<\/span>4<\/a>\n<a class=\"page-numbers\" href=\"https:\/\/www.grupotrianon.com\/trianon-ascensores\/wp-json\/wp\/v2\/pages\/25\/page\/5\/\"><span class=\"elementor-screen-only\">Page<\/span>5<\/a>\t\t<\/nav>\n\t\t\t\t<\/div>\n\t\t\t\t<\/div>\n\t\t\t\t\t\t<\/div>\n\t\t\t\t\t<\/div>\n\t\t<\/div>\n\t\t\t\t<div class=\"elementor-column elementor-col-50 elementor-top-column elementor-element elementor-element-d690b19\" data-id=\"d690b19\" data-element_type=\"column\">\n\t\t\t<div class=\"elementor-column-wrap elementor-element-populated\">\n\t\t\t\t\t\t\t<div class=\"elementor-widget-wrap\">\n\t\t\t\t\t\t<div class=\"elementor-element elementor-element-20c8ec9 elementor-widget elementor-widget-heading\" data-id=\"20c8ec9\" data-element_type=\"widget\" data-widget_type=\"heading.default\">\n\t\t\t\t<div class=\"elementor-widget-container\">\n\t\t\t<h2 class=\"elementor-heading-title elementor-size-default\">Categorias<\/h2>\t\t<\/div>\n\t\t\t\t<\/div>\n\t\t\t\t<div class=\"elementor-element elementor-element-956609f elementor-widget-divider--view-line elementor-widget elementor-widget-divider\" data-id=\"956609f\" data-element_type=\"widget\" data-widget_type=\"divider.default\">\n\t\t\t\t<div class=\"elementor-widget-container\">\n\t\t\t\t\t<div class=\"elementor-divider\">\n\t\t\t<span class=\"elementor-divider-separator\">\n\t\t\t\t\t\t<\/span>\n\t\t<\/div>\n\t\t\t\t<\/div>\n\t\t\t\t<\/div>\n\t\t\t\t<div class=\"elementor-element elementor-element-2745819 elementor-widget elementor-widget-wp-widget-categories\" data-id=\"2745819\" data-element_type=\"widget\" data-widget_type=\"wp-widget-categories.default\">\n\t\t\t\t<div class=\"elementor-widget-container\">\n\t\t\t<h5>Categor\u00edas<\/h5>\n\t\t\t<ul>\n\t\t\t\t\t<li class=\"cat-item cat-item-9\"><a href=\"https:\/\/www.grupotrianon.com\/trianon-ascensores\/category\/ascensores-mitsubishi\/\">Ascensores Mitsubishi<\/a> (59)\n<\/li>\n\t<li class=\"cat-item cat-item-10\"><a href=\"https:\/\/www.grupotrianon.com\/trianon-ascensores\/category\/escaleras-mecanicas\/\">Escaleras Mec\u00e1nicas<\/a> (1)\n<\/li>\n\t<li class=\"cat-item cat-item-11\"><a href=\"https:\/\/www.grupotrianon.com\/trianon-ascensores\/category\/montapaquetes\/\">Montapaquetes<\/a> (1)\n<\/li>\n\t<li class=\"cat-item cat-item-12\"><a href=\"https:\/\/www.grupotrianon.com\/trianon-ascensores\/category\/transporte-vertical\/\">Transporte Vertical<\/a> (1)\n<\/li>\n\t<li class=\"cat-item cat-item-1\"><a href=\"https:\/\/www.grupotrianon.com\/trianon-ascensores\/category\/uncategorized\/\">Uncategorized<\/a> (12)\n<\/li>\n\t\t\t<\/ul>\n\n\t\t\t\t\t<\/div>\n\t\t\t\t<\/div>\n\t\t\t\t\t\t<\/div>\n\t\t\t\t\t<\/div>\n\t\t<\/div>\n\t\t\t\t\t\t\t\t<\/div>\n\t\t\t\t\t<\/div>\n\t\t<\/section>\n\t\t\t\t\t\t\t\t\t<\/div>\n\t\t\t<\/div>\n\t\t\t\t\t<\/div>\n\t\t","protected":false},"excerpt":{"rendered":"<p>Categorias<\/p>\n","protected":false},"author":1,"featured_media":0,"parent":0,"menu_order":0,"comment_status":"closed","ping_status":"closed","template":"","meta":{"footnotes":""},"class_list":["post-25","page","type-page","status-publish","hentry"],"aioseo_notices":[],"_links":{"self":[{"href":"https:\/\/www.grupotrianon.com\/trianon-ascensores\/wp-json\/wp\/v2\/pages\/25","targetHints":{"allow":["GET"]}}],"collection":[{"href":"https:\/\/www.grupotrianon.com\/trianon-ascensores\/wp-json\/wp\/v2\/pages"}],"about":[{"href":"https:\/\/www.grupotrianon.com\/trianon-ascensores\/wp-json\/wp\/v2\/types\/page"}],"author":[{"embeddable":true,"href":"https:\/\/www.grupotrianon.com\/trianon-ascensores\/wp-json\/wp\/v2\/users\/1"}],"replies":[{"embeddable":true,"href":"https:\/\/www.grupotrianon.com\/trianon-ascensores\/wp-json\/wp\/v2\/comments?post=25"}],"version-history":[{"count":40,"href":"https:\/\/www.grupotrianon.com\/trianon-ascensores\/wp-json\/wp\/v2\/pages\/25\/revisions"}],"predecessor-version":[{"id":1663,"href":"https:\/\/www.grupotrianon.com\/trianon-ascensores\/wp-json\/wp\/v2\/pages\/25\/revisions\/1663"}],"wp:attachment":[{"href":"https:\/\/www.grupotrianon.com\/trianon-ascensores\/wp-json\/wp\/v2\/media?parent=25"}],"curies":[{"name":"wp","href":"https:\/\/api.w.org\/{rel}","templated":true}]}}