{"id":397,"date":"2021-06-16T13:38:04","date_gmt":"2021-06-16T18:38:04","guid":{"rendered":"https:\/\/www.grupotrianon.com\/trianon-ascensores\/?page_id=397"},"modified":"2022-02-03T12:08:34","modified_gmt":"2022-02-03T17:08:34","slug":"etrianon","status":"publish","type":"page","link":"https:\/\/www.grupotrianon.com\/trianon-ascensores\/etrianon\/","title":{"rendered":"eTRIANON"},"content":{"rendered":"\t\t<div data-elementor-type=\"wp-page\" data-elementor-id=\"397\" class=\"elementor elementor-397\">\n\t\t\t\t\t\t<div class=\"elementor-inner\">\n\t\t\t\t<div class=\"elementor-section-wrap\">\n\t\t\t\t\t\t\t\t\t<section class=\"elementor-section elementor-top-section elementor-element elementor-element-b0b90e3 elementor-section-height-min-height elementor-section-boxed elementor-section-height-default elementor-section-items-middle\" data-id=\"b0b90e3\" data-element_type=\"section\" data-settings=\"{&quot;background_background&quot;:&quot;classic&quot;}\">\n\t\t\t\t\t\t\t<div class=\"elementor-background-overlay\"><\/div>\n\t\t\t\t\t\t\t<div class=\"elementor-container elementor-column-gap-default\">\n\t\t\t\t\t\t\t<div class=\"elementor-row\">\n\t\t\t\t\t<div class=\"elementor-column elementor-col-50 elementor-top-column elementor-element elementor-element-0b5fc7a\" data-id=\"0b5fc7a\" data-element_type=\"column\">\n\t\t\t<div class=\"elementor-column-wrap elementor-element-populated\">\n\t\t\t\t\t\t\t<div class=\"elementor-widget-wrap\">\n\t\t\t\t\t\t<div class=\"elementor-element elementor-element-e615957 elementor-widget elementor-widget-image\" data-id=\"e615957\" data-element_type=\"widget\" data-widget_type=\"image.default\">\n\t\t\t\t<div class=\"elementor-widget-container\">\n\t\t\t\t\t\t\t\t<div class=\"elementor-image\">\n\t\t\t\t\t\t\t\t\t\t\t\t<img loading=\"lazy\" decoding=\"async\" width=\"457\" height=\"69\" src=\"https:\/\/www.grupotrianon.com\/trianon-ascensores\/wp-content\/uploads\/2022\/01\/eTrianon.svg\" class=\"attachment-full size-full\" alt=\"\" \/>\t\t\t\t\t\t\t\t\t\t\t\t\t\t<\/div>\n\t\t\t\t\t\t<\/div>\n\t\t\t\t<\/div>\n\t\t\t\t<div class=\"elementor-element elementor-element-7759884 elementor-widget elementor-widget-spacer\" data-id=\"7759884\" data-element_type=\"widget\" data-widget_type=\"spacer.default\">\n\t\t\t\t<div class=\"elementor-widget-container\">\n\t\t\t\t\t<div class=\"elementor-spacer\">\n\t\t\t<div class=\"elementor-spacer-inner\"><\/div>\n\t\t<\/div>\n\t\t\t\t<\/div>\n\t\t\t\t<\/div>\n\t\t\t\t<div class=\"elementor-element elementor-element-e46ff7c elementor-widget__width-auto elementor-widget elementor-widget-heading\" data-id=\"e46ff7c\" data-element_type=\"widget\" data-widget_type=\"heading.default\">\n\t\t\t\t<div class=\"elementor-widget-container\">\n\t\t\t<h2 class=\"elementor-heading-title elementor-size-default\">El app de tu ascensor<\/h2>\t\t<\/div>\n\t\t\t\t<\/div>\n\t\t\t\t<div class=\"elementor-element elementor-element-d3ccb61 elementor-widget elementor-widget-spacer\" data-id=\"d3ccb61\" data-element_type=\"widget\" data-widget_type=\"spacer.default\">\n\t\t\t\t<div class=\"elementor-widget-container\">\n\t\t\t\t\t<div class=\"elementor-spacer\">\n\t\t\t<div class=\"elementor-spacer-inner\"><\/div>\n\t\t<\/div>\n\t\t\t\t<\/div>\n\t\t\t\t<\/div>\n\t\t\t\t<div class=\"elementor-element elementor-element-fcac69a elementor-widget elementor-widget-heading\" data-id=\"fcac69a\" data-element_type=\"widget\" data-widget_type=\"heading.default\">\n\t\t\t\t<div class=\"elementor-widget-container\">\n\t\t\t<h5 class=\"elementor-heading-title elementor-size-default\">Disponible<\/h5>\t\t<\/div>\n\t\t\t\t<\/div>\n\t\t\t\t<section class=\"elementor-section elementor-inner-section elementor-element elementor-element-1a70dfc elementor-section-boxed elementor-section-height-default elementor-section-height-default\" data-id=\"1a70dfc\" data-element_type=\"section\">\n\t\t\t\t\t\t<div class=\"elementor-container elementor-column-gap-default\">\n\t\t\t\t\t\t\t<div class=\"elementor-row\">\n\t\t\t\t\t<div class=\"elementor-column elementor-col-50 elementor-inner-column elementor-element elementor-element-2774231\" data-id=\"2774231\" data-element_type=\"column\">\n\t\t\t<div class=\"elementor-column-wrap elementor-element-populated\">\n\t\t\t\t\t\t\t<div class=\"elementor-widget-wrap\">\n\t\t\t\t\t\t<div class=\"elementor-element elementor-element-fcc49e0 elementor-view-default elementor-widget elementor-widget-icon\" data-id=\"fcc49e0\" data-element_type=\"widget\" data-widget_type=\"icon.default\">\n\t\t\t\t<div class=\"elementor-widget-container\">\n\t\t\t\t\t<div class=\"elementor-icon-wrapper\">\n\t\t\t<div class=\"elementor-icon\">\n\t\t\t<svg xmlns=\"http:\/\/www.w3.org\/2000\/svg\" viewBox=\"0 0 51.32 61.6\"><defs><style>.cls-1{fill:#4caf50;}<\/style><\/defs><g id=\"Capa_2\" data-name=\"Capa 2\"><g id=\"Capa_1-2\" data-name=\"Capa 1\"><path class=\"cls-1\" d=\"M3.85,20.54A3.85,3.85,0,0,0,0,24.39v18a3.85,3.85,0,0,0,7.7,0v-18A3.85,3.85,0,0,0,3.85,20.54Z\"><\/path><path class=\"cls-1\" d=\"M47.47,20.54a3.85,3.85,0,0,0-3.84,3.85v18a3.85,3.85,0,1,0,7.69,0v-18A3.85,3.85,0,0,0,47.47,20.54Z\"><\/path><path class=\"cls-1\" d=\"M39.78,20.54H11.55a1.29,1.29,0,0,0-1.29,1.29V42.36a6.41,6.41,0,0,0,5.14,6.28v9.11a3.85,3.85,0,0,0,7.7,0v-9h5.13v9a3.85,3.85,0,0,0,7.7,0V48.64a6.41,6.41,0,0,0,5.13-6.28V21.83A1.29,1.29,0,0,0,39.78,20.54Z\"><\/path><path class=\"cls-1\" d=\"M35,5.33l3.13-3.12A1.28,1.28,0,0,0,36.34.36l0,0L32.66,4a17.54,17.54,0,0,0-14,0L15,.39A1.28,1.28,0,0,0,13.21,2.2l3.12,3.13a13.56,13.56,0,0,0-6.07,11.36A1.29,1.29,0,0,0,11.55,18H39.78a1.29,1.29,0,0,0,1.28-1.29A13.56,13.56,0,0,0,35,5.33Z\"><\/path><\/g><\/g><\/svg>\t\t\t<\/div>\n\t\t<\/div>\n\t\t\t\t<\/div>\n\t\t\t\t<\/div>\n\t\t\t\t\t\t<\/div>\n\t\t\t\t\t<\/div>\n\t\t<\/div>\n\t\t\t\t<div class=\"elementor-column elementor-col-50 elementor-inner-column elementor-element elementor-element-4d78f2e\" data-id=\"4d78f2e\" data-element_type=\"column\">\n\t\t\t<div class=\"elementor-column-wrap elementor-element-populated\">\n\t\t\t\t\t\t\t<div class=\"elementor-widget-wrap\">\n\t\t\t\t\t\t<div class=\"elementor-element elementor-element-0207f87 elementor-view-default elementor-widget elementor-widget-icon\" data-id=\"0207f87\" data-element_type=\"widget\" data-widget_type=\"icon.default\">\n\t\t\t\t<div class=\"elementor-widget-container\">\n\t\t\t\t\t<div class=\"elementor-icon-wrapper\">\n\t\t\t<div class=\"elementor-icon\">\n\t\t\t<i aria-hidden=\"true\" class=\"fab fa-apple\"><\/i>\t\t\t<\/div>\n\t\t<\/div>\n\t\t\t\t<\/div>\n\t\t\t\t<\/div>\n\t\t\t\t\t\t<\/div>\n\t\t\t\t\t<\/div>\n\t\t<\/div>\n\t\t\t\t\t\t\t\t<\/div>\n\t\t\t\t\t<\/div>\n\t\t<\/section>\n\t\t\t\t<div class=\"elementor-element elementor-element-d573254 elementor-align-center elementor-widget elementor-widget-button\" data-id=\"d573254\" data-element_type=\"widget\" data-widget_type=\"button.default\">\n\t\t\t\t<div class=\"elementor-widget-container\">\n\t\t\t\t\t<div class=\"elementor-button-wrapper\">\n\t\t\t<a href=\"https:\/\/play.google.com\/store\/apps\/details?id=com.goodbarber.etrianon1\" target=\"_blank\" class=\"elementor-button-link elementor-button elementor-size-sm\" role=\"button\">\n\t\t\t\t\t\t<span class=\"elementor-button-content-wrapper\">\n\t\t\t\t\t\t<span class=\"elementor-button-text\">Descargar<\/span>\n\t\t<\/span>\n\t\t\t\t\t<\/a>\n\t\t<\/div>\n\t\t\t\t<\/div>\n\t\t\t\t<\/div>\n\t\t\t\t\t\t<\/div>\n\t\t\t\t\t<\/div>\n\t\t<\/div>\n\t\t\t\t<div class=\"elementor-column elementor-col-50 elementor-top-column elementor-element elementor-element-e23ef00\" data-id=\"e23ef00\" data-element_type=\"column\">\n\t\t\t<div class=\"elementor-column-wrap elementor-element-populated\">\n\t\t\t\t\t\t\t<div class=\"elementor-widget-wrap\">\n\t\t\t\t\t\t<div class=\"elementor-element elementor-element-9887cc9 elementor-widget elementor-widget-heading\" data-id=\"9887cc9\" data-element_type=\"widget\" data-widget_type=\"heading.default\">\n\t\t\t\t<div class=\"elementor-widget-container\">\n\t\t\t<h2 class=\"elementor-heading-title elementor-size-default\">Comunica, Organiza, Verifica y Programa las Actividades de  tu Ascensor<\/h2>\t\t<\/div>\n\t\t\t\t<\/div>\n\t\t\t\t<div class=\"elementor-element elementor-element-4f3239f elementor-widget elementor-widget-heading\" data-id=\"4f3239f\" data-element_type=\"widget\" data-widget_type=\"heading.default\">\n\t\t\t\t<div class=\"elementor-widget-container\">\n\t\t\t<h2 class=\"elementor-heading-title elementor-size-default\">Descarga gratis App eTRIANON y encuentra la programaci\u00f3n de mantenimiento con datos del t\u00e9cnico en tiempo real, historial de pagos, boletas de servicio, repuestos a cambiar y m\u00e1s, desde la comodidad de tu hogar.<\/h2>\t\t<\/div>\n\t\t\t\t<\/div>\n\t\t\t\t<div class=\"elementor-element elementor-element-981ed1e elementor-align-right elementor-widget elementor-widget-button\" data-id=\"981ed1e\" data-element_type=\"widget\" data-widget_type=\"button.default\">\n\t\t\t\t<div class=\"elementor-widget-container\">\n\t\t\t\t\t<div class=\"elementor-button-wrapper\">\n\t\t\t<a href=\"https:\/\/www.grupotrianon.com\/trianon-ascensores\/wp-content\/uploads\/2022\/01\/Beneficios-eTRIANON.pdf\" target=\"_blank\" class=\"elementor-button-link elementor-button elementor-size-sm\" role=\"button\">\n\t\t\t\t\t\t<span class=\"elementor-button-content-wrapper\">\n\t\t\t\t\t\t<span class=\"elementor-button-text\">Ver Beneficios<\/span>\n\t\t<\/span>\n\t\t\t\t\t<\/a>\n\t\t<\/div>\n\t\t\t\t<\/div>\n\t\t\t\t<\/div>\n\t\t\t\t\t\t<\/div>\n\t\t\t\t\t<\/div>\n\t\t<\/div>\n\t\t\t\t\t\t\t\t<\/div>\n\t\t\t\t\t<\/div>\n\t\t<\/section>\n\t\t\t\t\t\t\t\t\t<\/div>\n\t\t\t<\/div>\n\t\t\t\t\t<\/div>\n\t\t","protected":false},"excerpt":{"rendered":"<p>El app de tu ascensor Disponible Descargar Comunica, Organiza, Verifica y Programa las Actividades de tu Ascensor Descarga gratis App eTRIANON y encuentra la programaci\u00f3n de mantenimiento con datos del t\u00e9cnico en tiempo real, historial de pagos, boletas de servicio, repuestos a cambiar y m\u00e1s, desde la comodidad de tu hogar. Ver Beneficios<\/p>\n","protected":false},"author":1,"featured_media":0,"parent":0,"menu_order":0,"comment_status":"closed","ping_status":"closed","template":"","meta":{"footnotes":""},"class_list":["post-397","page","type-page","status-publish","hentry"],"aioseo_notices":[],"_links":{"self":[{"href":"https:\/\/www.grupotrianon.com\/trianon-ascensores\/wp-json\/wp\/v2\/pages\/397","targetHints":{"allow":["GET"]}}],"collection":[{"href":"https:\/\/www.grupotrianon.com\/trianon-ascensores\/wp-json\/wp\/v2\/pages"}],"about":[{"href":"https:\/\/www.grupotrianon.com\/trianon-ascensores\/wp-json\/wp\/v2\/types\/page"}],"author":[{"embeddable":true,"href":"https:\/\/www.grupotrianon.com\/trianon-ascensores\/wp-json\/wp\/v2\/users\/1"}],"replies":[{"embeddable":true,"href":"https:\/\/www.grupotrianon.com\/trianon-ascensores\/wp-json\/wp\/v2\/comments?post=397"}],"version-history":[{"count":74,"href":"https:\/\/www.grupotrianon.com\/trianon-ascensores\/wp-json\/wp\/v2\/pages\/397\/revisions"}],"predecessor-version":[{"id":1182,"href":"https:\/\/www.grupotrianon.com\/trianon-ascensores\/wp-json\/wp\/v2\/pages\/397\/revisions\/1182"}],"wp:attachment":[{"href":"https:\/\/www.grupotrianon.com\/trianon-ascensores\/wp-json\/wp\/v2\/media?parent=397"}],"curies":[{"name":"wp","href":"https:\/\/api.w.org\/{rel}","templated":true}]}}