{"id":318,"date":"2021-04-15T14:56:16","date_gmt":"2021-04-15T14:56:16","guid":{"rendered":"https:\/\/www.grupotrianon.com\/trianon-sostenible\/?page_id=318"},"modified":"2025-06-27T15:56:25","modified_gmt":"2025-06-27T20:56:25","slug":"nosotros","status":"publish","type":"page","link":"https:\/\/www.grupotrianon.com\/trianon-sostenible\/nosotros\/","title":{"rendered":"Nosotros"},"content":{"rendered":"\t\t<div data-elementor-type=\"wp-page\" data-elementor-id=\"318\" class=\"elementor elementor-318\">\n\t\t\t\t\t\t<div class=\"elementor-inner\">\n\t\t\t\t<div class=\"elementor-section-wrap\">\n\t\t\t\t\t\t\t\t\t<section class=\"elementor-section elementor-top-section elementor-element elementor-element-ec9d075 elementor-section-boxed elementor-section-height-default elementor-section-height-default\" data-id=\"ec9d075\" data-element_type=\"section\">\n\t\t\t\t\t\t<div class=\"elementor-container elementor-column-gap-default\">\n\t\t\t\t\t\t\t<div class=\"elementor-row\">\n\t\t\t\t\t<div class=\"elementor-column elementor-col-100 elementor-top-column elementor-element elementor-element-bd4c7be\" data-id=\"bd4c7be\" data-element_type=\"column\">\n\t\t\t<div class=\"elementor-column-wrap elementor-element-populated\">\n\t\t\t\t\t\t\t<div class=\"elementor-widget-wrap\">\n\t\t\t\t\t\t<section class=\"elementor-section elementor-inner-section elementor-element elementor-element-dc933f8 elementor-section-boxed elementor-section-height-default elementor-section-height-default\" data-id=\"dc933f8\" data-element_type=\"section\">\n\t\t\t\t\t\t<div class=\"elementor-container elementor-column-gap-default\">\n\t\t\t\t\t\t\t<div class=\"elementor-row\">\n\t\t\t\t\t<div class=\"elementor-column elementor-col-50 elementor-inner-column elementor-element elementor-element-771aa37\" data-id=\"771aa37\" data-element_type=\"column\">\n\t\t\t<div class=\"elementor-column-wrap elementor-element-populated\">\n\t\t\t\t\t\t\t<div class=\"elementor-widget-wrap\">\n\t\t\t\t\t\t<div class=\"elementor-element elementor-element-de360d7 elementor-widget elementor-widget-heading\" data-id=\"de360d7\" data-element_type=\"widget\" data-widget_type=\"heading.default\">\n\t\t\t\t<div class=\"elementor-widget-container\">\n\t\t\t<h5 class=\"elementor-heading-title elementor-size-default\">Trianon Sostenible<\/h5>\t\t<\/div>\n\t\t\t\t<\/div>\n\t\t\t\t<div class=\"elementor-element elementor-element-4082eda elementor-widget-divider--view-line elementor-widget elementor-widget-divider\" data-id=\"4082eda\" data-element_type=\"widget\" data-widget_type=\"divider.default\">\n\t\t\t\t<div class=\"elementor-widget-container\">\n\t\t\t\t\t<div class=\"elementor-divider\">\n\t\t\t<span class=\"elementor-divider-separator\">\n\t\t\t\t\t\t<\/span>\n\t\t<\/div>\n\t\t\t\t<\/div>\n\t\t\t\t<\/div>\n\t\t\t\t<div class=\"elementor-element elementor-element-f9e2acf elementor-widget elementor-widget-text-editor\" data-id=\"f9e2acf\" data-element_type=\"widget\" data-widget_type=\"text-editor.default\">\n\t\t\t\t<div class=\"elementor-widget-container\">\n\t\t\t\t\t\t\t\t<div class=\"elementor-text-editor elementor-clearfix\">\n\t\t\t\t<p>TRIANON Sostenible S.A., empresa del Grupo TRIANON, expertos en la implementaci\u00f3n de soluciones energ\u00e9ticas sostenibles. Especializados en proyectos de Generaci\u00f3n fotovoltaica, Plataformas de Carga Inteligente de veh\u00edculos el\u00e9ctricos, y venta de componentes: paneles solares, inversores, cargadores vehiculares, cables de carga, etc.<\/p><p>Nos comprometemos a impulsar un futuro m\u00e1s limpio y eficiente, proporcionando a nuestros clientes soluciones de alta calidad que promueven la sostenibilidad ambiental.<\/p>\t\t\t\t\t<\/div>\n\t\t\t\t\t\t<\/div>\n\t\t\t\t<\/div>\n\t\t\t\t\t\t<\/div>\n\t\t\t\t\t<\/div>\n\t\t<\/div>\n\t\t\t\t<div class=\"elementor-column elementor-col-50 elementor-inner-column elementor-element elementor-element-5b51b3e\" data-id=\"5b51b3e\" data-element_type=\"column\">\n\t\t\t<div class=\"elementor-column-wrap elementor-element-populated\">\n\t\t\t\t\t\t\t<div class=\"elementor-widget-wrap\">\n\t\t\t\t\t\t<div class=\"elementor-element elementor-element-b6edca5 elementor-widget elementor-widget-image\" data-id=\"b6edca5\" data-element_type=\"widget\" data-widget_type=\"image.default\">\n\t\t\t\t<div class=\"elementor-widget-container\">\n\t\t\t\t\t\t\t\t<div class=\"elementor-image\">\n\t\t\t\t\t\t\t\t\t\t\t\t<img loading=\"lazy\" decoding=\"async\" width=\"460\" height=\"265\" src=\"https:\/\/www.grupotrianon.com\/trianon-sostenible\/wp-content\/uploads\/2024\/04\/nosotros-001.jpg\" class=\"attachment-large size-large wp-image-5335\" alt=\"\" srcset=\"https:\/\/www.grupotrianon.com\/trianon-sostenible\/wp-content\/uploads\/2024\/04\/nosotros-001.jpg 460w, https:\/\/www.grupotrianon.com\/trianon-sostenible\/wp-content\/uploads\/2024\/04\/nosotros-001-300x173.jpg 300w\" sizes=\"auto, (max-width: 460px) 100vw, 460px\" \/>\t\t\t\t\t\t\t\t\t\t\t\t\t\t<\/div>\n\t\t\t\t\t\t<\/div>\n\t\t\t\t<\/div>\n\t\t\t\t\t\t<\/div>\n\t\t\t\t\t<\/div>\n\t\t<\/div>\n\t\t\t\t\t\t\t\t<\/div>\n\t\t\t\t\t<\/div>\n\t\t<\/section>\n\t\t\t\t\t\t<\/div>\n\t\t\t\t\t<\/div>\n\t\t<\/div>\n\t\t\t\t\t\t\t\t<\/div>\n\t\t\t\t\t<\/div>\n\t\t<\/section>\n\t\t\t\t<section class=\"elementor-section elementor-top-section elementor-element elementor-element-17c1283 elementor-section-boxed elementor-section-height-default elementor-section-height-default\" data-id=\"17c1283\" data-element_type=\"section\">\n\t\t\t\t\t\t<div class=\"elementor-container elementor-column-gap-default\">\n\t\t\t\t\t\t\t<div class=\"elementor-row\">\n\t\t\t\t\t<div class=\"elementor-column elementor-col-33 elementor-top-column elementor-element elementor-element-3c16a69\" data-id=\"3c16a69\" data-element_type=\"column\" data-settings=\"{&quot;background_background&quot;:&quot;classic&quot;}\">\n\t\t\t<div class=\"elementor-column-wrap elementor-element-populated\">\n\t\t\t\t\t\t\t<div class=\"elementor-widget-wrap\">\n\t\t\t\t\t\t<div class=\"elementor-element elementor-element-cf550da elementor-widget elementor-widget-heading\" data-id=\"cf550da\" data-element_type=\"widget\" data-widget_type=\"heading.default\">\n\t\t\t\t<div class=\"elementor-widget-container\">\n\t\t\t<h5 class=\"elementor-heading-title elementor-size-default\">Misi\u00f3n<\/h5>\t\t<\/div>\n\t\t\t\t<\/div>\n\t\t\t\t<div class=\"elementor-element elementor-element-52482b3 elementor-widget elementor-widget-text-editor\" data-id=\"52482b3\" data-element_type=\"widget\" data-widget_type=\"text-editor.default\">\n\t\t\t\t<div class=\"elementor-widget-container\">\n\t\t\t\t\t\t\t\t<div class=\"elementor-text-editor elementor-clearfix\">\n\t\t\t\t<p>Ofrecer al mercado soluciones de alta calidad que incluyan estudio, importaci\u00f3n, suministro y montaje de sistemas de generaci\u00f3n fotovoltaicas y cargadores el\u00e9ctricos vehiculares. Somos una empresa transparente, inclusiva y s\u00f3lida con personal experimentado y permanentemente capacitado. Trabajamos constantemente por el cuidado del medio ambiente, la sostenibilidad del planeta, con responsabilidad social.<\/p>\t\t\t\t\t<\/div>\n\t\t\t\t\t\t<\/div>\n\t\t\t\t<\/div>\n\t\t\t\t\t\t<\/div>\n\t\t\t\t\t<\/div>\n\t\t<\/div>\n\t\t\t\t<div class=\"elementor-column elementor-col-33 elementor-top-column elementor-element elementor-element-0af50da\" data-id=\"0af50da\" data-element_type=\"column\" data-settings=\"{&quot;background_background&quot;:&quot;classic&quot;}\">\n\t\t\t<div class=\"elementor-column-wrap elementor-element-populated\">\n\t\t\t\t\t\t\t<div class=\"elementor-widget-wrap\">\n\t\t\t\t\t\t<div class=\"elementor-element elementor-element-ea64513 elementor-widget elementor-widget-heading\" data-id=\"ea64513\" data-element_type=\"widget\" data-widget_type=\"heading.default\">\n\t\t\t\t<div class=\"elementor-widget-container\">\n\t\t\t<h5 class=\"elementor-heading-title elementor-size-default\">Visi\u00f3n<\/h5>\t\t<\/div>\n\t\t\t\t<\/div>\n\t\t\t\t<div class=\"elementor-element elementor-element-a0962ac elementor-widget elementor-widget-text-editor\" data-id=\"a0962ac\" data-element_type=\"widget\" data-widget_type=\"text-editor.default\">\n\t\t\t\t<div class=\"elementor-widget-container\">\n\t\t\t\t\t\t\t\t<div class=\"elementor-text-editor elementor-clearfix\">\n\t\t\t\t<p>Nuestra visi\u00f3n es liderar el mercado con el mejor servicio postventa en proyectos de generaci\u00f3n fotovoltaica y cargadores vehiculares, liderando la comercializaci\u00f3n de soluciones seguras y de calidad con el objetivo de generar un impacto ambiental y social positivo bajo una gesti\u00f3n transparente.<\/p>\t\t\t\t\t<\/div>\n\t\t\t\t\t\t<\/div>\n\t\t\t\t<\/div>\n\t\t\t\t\t\t<\/div>\n\t\t\t\t\t<\/div>\n\t\t<\/div>\n\t\t\t\t<div class=\"elementor-column elementor-col-33 elementor-top-column elementor-element elementor-element-4792759\" data-id=\"4792759\" data-element_type=\"column\" data-settings=\"{&quot;background_background&quot;:&quot;classic&quot;}\">\n\t\t\t<div class=\"elementor-column-wrap elementor-element-populated\">\n\t\t\t\t\t\t\t<div class=\"elementor-widget-wrap\">\n\t\t\t\t\t\t<div class=\"elementor-element elementor-element-97194e1 elementor-widget elementor-widget-heading\" data-id=\"97194e1\" data-element_type=\"widget\" data-widget_type=\"heading.default\">\n\t\t\t\t<div class=\"elementor-widget-container\">\n\t\t\t<h5 class=\"elementor-heading-title elementor-size-default\">Valores<\/h5>\t\t<\/div>\n\t\t\t\t<\/div>\n\t\t\t\t<div class=\"elementor-element elementor-element-721189a elementor-widget elementor-widget-text-editor\" data-id=\"721189a\" data-element_type=\"widget\" data-widget_type=\"text-editor.default\">\n\t\t\t\t<div class=\"elementor-widget-container\">\n\t\t\t\t\t\t\t\t<div class=\"elementor-text-editor elementor-clearfix\">\n\t\t\t\t<ul class=\"font_8\"><li><p class=\"font_8\">Honestidad<\/p><\/li><li><p class=\"font_8\">Lealtad &#8211; Confianza<\/p><\/li><li><p class=\"font_8\">Responsabilidad &#8211; Respeto<\/p><\/li><li><p class=\"font_8\">Puntualidad &#8211; Orden &#8211; Limpieza<\/p><\/li><li><p class=\"font_8\">Trabajo en equipo &#8211; \u00a0Compa\u00f1erismo<\/p><\/li><li><p class=\"font_8\">Orientaci\u00f3n al Cliente<\/p><\/li><\/ul>\t\t\t\t\t<\/div>\n\t\t\t\t\t\t<\/div>\n\t\t\t\t<\/div>\n\t\t\t\t\t\t<\/div>\n\t\t\t\t\t<\/div>\n\t\t<\/div>\n\t\t\t\t\t\t\t\t<\/div>\n\t\t\t\t\t<\/div>\n\t\t<\/section>\n\t\t\t\t<section class=\"elementor-section elementor-top-section elementor-element elementor-element-88ef573 elementor-section-boxed elementor-section-height-default elementor-section-height-default\" data-id=\"88ef573\" data-element_type=\"section\">\n\t\t\t\t\t\t<div class=\"elementor-container elementor-column-gap-default\">\n\t\t\t\t\t\t\t<div class=\"elementor-row\">\n\t\t\t\t\t<div class=\"elementor-column elementor-col-100 elementor-top-column elementor-element elementor-element-bde0e67\" data-id=\"bde0e67\" data-element_type=\"column\">\n\t\t\t<div class=\"elementor-column-wrap elementor-element-populated\">\n\t\t\t\t\t\t\t<div class=\"elementor-widget-wrap\">\n\t\t\t\t\t\t<section class=\"elementor-section elementor-inner-section elementor-element elementor-element-0dcc426 elementor-section-boxed elementor-section-height-default elementor-section-height-default\" data-id=\"0dcc426\" data-element_type=\"section\">\n\t\t\t\t\t\t<div class=\"elementor-container elementor-column-gap-default\">\n\t\t\t\t\t\t\t<div class=\"elementor-row\">\n\t\t\t\t\t<div class=\"elementor-column elementor-col-50 elementor-inner-column elementor-element elementor-element-9625c06\" data-id=\"9625c06\" data-element_type=\"column\">\n\t\t\t<div class=\"elementor-column-wrap elementor-element-populated\">\n\t\t\t\t\t\t\t<div class=\"elementor-widget-wrap\">\n\t\t\t\t\t\t<div class=\"elementor-element elementor-element-bc31319 elementor-align-left elementor-widget__width-auto elementor-widget elementor-widget-button\" data-id=\"bc31319\" data-element_type=\"widget\" data-widget_type=\"button.default\">\n\t\t\t\t<div class=\"elementor-widget-container\">\n\t\t\t\t\t<div class=\"elementor-button-wrapper\">\n\t\t\t<a href=\"https:\/\/www.grupotrianon.com\/trianon-sostenible\/wp-content\/uploads\/2025\/01\/Politica-de-la-calidad-seguridad-y-salud-en-el-trabajo-Trianon-Sostenible-V5-16.01.25.pdf\" target=\"_blank\" title=\"Ver ISO 9001:2015\" class=\"elementor-button-link elementor-button elementor-size-sm\" role=\"button\">\n\t\t\t\t\t\t<span class=\"elementor-button-content-wrapper\">\n\t\t\t\t\t\t<span class=\"elementor-button-text\">POL\u00cdTICA INTEGRADA<\/span>\n\t\t<\/span>\n\t\t\t\t\t<\/a>\n\t\t<\/div>\n\t\t\t\t<\/div>\n\t\t\t\t<\/div>\n\t\t\t\t<div class=\"elementor-element elementor-element-d3b145f elementor-widget elementor-widget-text-editor\" data-id=\"d3b145f\" data-element_type=\"widget\" data-widget_type=\"text-editor.default\">\n\t\t\t\t<div class=\"elementor-widget-container\">\n\t\t\t\t\t\t\t\t<div class=\"elementor-text-editor elementor-clearfix\">\n\t\t\t\tConozca nuestra Pol\u00edtica de Calidad, Medio ambiente y Seguridad y Salud en el trabajo\t\t\t\t\t<\/div>\n\t\t\t\t\t\t<\/div>\n\t\t\t\t<\/div>\n\t\t\t\t\t\t<\/div>\n\t\t\t\t\t<\/div>\n\t\t<\/div>\n\t\t\t\t<div class=\"elementor-column elementor-col-50 elementor-inner-column elementor-element elementor-element-ad39f17\" data-id=\"ad39f17\" data-element_type=\"column\">\n\t\t\t<div class=\"elementor-column-wrap elementor-element-populated\">\n\t\t\t\t\t\t\t<div class=\"elementor-widget-wrap\">\n\t\t\t\t\t\t<div class=\"elementor-element elementor-element-3ddd719 elementor-align-left elementor-widget__width-auto elementor-widget elementor-widget-button\" data-id=\"3ddd719\" data-element_type=\"widget\" data-widget_type=\"button.default\">\n\t\t\t\t<div class=\"elementor-widget-container\">\n\t\t\t\t\t<div class=\"elementor-button-wrapper\">\n\t\t\t<a href=\"https:\/\/www.grupotrianon.com\/trianon-sostenible\/wp-content\/uploads\/2025\/06\/Politica-de-Proteccion-de-Datos-Personales-TS-V1-23.06.25.pdf\" target=\"_blank\" title=\"Ver ISO 9001:2015\" class=\"elementor-button-link elementor-button elementor-size-sm\" role=\"button\">\n\t\t\t\t\t\t<span class=\"elementor-button-content-wrapper\">\n\t\t\t\t\t\t<span class=\"elementor-button-text\">POL\u00cdTICA DE PROTECCI\u00d3N<br> DE DATOS PERSONALES<\/span>\n\t\t<\/span>\n\t\t\t\t\t<\/a>\n\t\t<\/div>\n\t\t\t\t<\/div>\n\t\t\t\t<\/div>\n\t\t\t\t<div class=\"elementor-element elementor-element-d937269 elementor-widget elementor-widget-text-editor\" data-id=\"d937269\" data-element_type=\"widget\" data-widget_type=\"text-editor.default\">\n\t\t\t\t<div class=\"elementor-widget-container\">\n\t\t\t\t\t\t\t\t<div class=\"elementor-text-editor elementor-clearfix\">\n\t\t\t\tConozca nuestra Pol\u00edtica de<br>\nprotecci\u00f3n de datos personales\t\t\t\t\t<\/div>\n\t\t\t\t\t\t<\/div>\n\t\t\t\t<\/div>\n\t\t\t\t\t\t<\/div>\n\t\t\t\t\t<\/div>\n\t\t<\/div>\n\t\t\t\t\t\t\t\t<\/div>\n\t\t\t\t\t<\/div>\n\t\t<\/section>\n\t\t\t\t\t\t<\/div>\n\t\t\t\t\t<\/div>\n\t\t<\/div>\n\t\t\t\t\t\t\t\t<\/div>\n\t\t\t\t\t<\/div>\n\t\t<\/section>\n\t\t\t\t\t\t\t\t\t<\/div>\n\t\t\t<\/div>\n\t\t\t\t\t<\/div>\n\t\t","protected":false},"excerpt":{"rendered":"<p>Trianon Sostenible TRIANON Sostenible S.A., empresa del Grupo TRIANON, expertos en la implementaci\u00f3n de soluciones energ\u00e9ticas sostenibles. Especializados en proyectos de Generaci\u00f3n fotovoltaica, Plataformas de Carga Inteligente de veh\u00edculos el\u00e9ctricos, y venta de componentes: paneles solares, inversores, cargadores vehiculares, cables de carga, etc. Nos comprometemos a impulsar un futuro m\u00e1s limpio y eficiente, proporcionando a [&hellip;]<\/p>\n","protected":false},"author":1,"featured_media":519,"parent":0,"menu_order":0,"comment_status":"closed","ping_status":"closed","template":"","meta":{"footnotes":""},"class_list":["post-318","page","type-page","status-publish","has-post-thumbnail","hentry"],"_links":{"self":[{"href":"https:\/\/www.grupotrianon.com\/trianon-sostenible\/wp-json\/wp\/v2\/pages\/318","targetHints":{"allow":["GET"]}}],"collection":[{"href":"https:\/\/www.grupotrianon.com\/trianon-sostenible\/wp-json\/wp\/v2\/pages"}],"about":[{"href":"https:\/\/www.grupotrianon.com\/trianon-sostenible\/wp-json\/wp\/v2\/types\/page"}],"author":[{"embeddable":true,"href":"https:\/\/www.grupotrianon.com\/trianon-sostenible\/wp-json\/wp\/v2\/users\/1"}],"replies":[{"embeddable":true,"href":"https:\/\/www.grupotrianon.com\/trianon-sostenible\/wp-json\/wp\/v2\/comments?post=318"}],"version-history":[{"count":66,"href":"https:\/\/www.grupotrianon.com\/trianon-sostenible\/wp-json\/wp\/v2\/pages\/318\/revisions"}],"predecessor-version":[{"id":5605,"href":"https:\/\/www.grupotrianon.com\/trianon-sostenible\/wp-json\/wp\/v2\/pages\/318\/revisions\/5605"}],"wp:featuredmedia":[{"embeddable":true,"href":"https:\/\/www.grupotrianon.com\/trianon-sostenible\/wp-json\/wp\/v2\/media\/519"}],"wp:attachment":[{"href":"https:\/\/www.grupotrianon.com\/trianon-sostenible\/wp-json\/wp\/v2\/media?parent=318"}],"curies":[{"name":"wp","href":"https:\/\/api.w.org\/{rel}","templated":true}]}}